{"id":20,"date":"2023-02-22T23:07:45","date_gmt":"2023-02-22T23:07:45","guid":{"rendered":"https:\/\/centromariapolis.com\/eventos\/?page_id=20"},"modified":"2023-02-23T02:06:53","modified_gmt":"2023-02-23T02:06:53","slug":"quem-somos","status":"publish","type":"page","link":"https:\/\/centromariapolis.com\/eventos\/quem-somos\/","title":{"rendered":"Quem Somos"},"content":{"rendered":"\n<p class=\"has-text-align-center\">\u201cOs Centro Mari\u00e1polis s\u00e3o cidades casa, onde Maria, atrav\u00e9s dos membros de sua Obra, oferece \u00e0quele que ali habitarem o genu\u00edno esp\u00edrito da unidade\u201d <\/p>\n\n\n\n<p class=\"has-text-align-center\">Chiara, Di\u00e1rio 1964\/65.<\/p>\n\n\n\n<figure class=\"wp-block-image size-full\"><img fetchpriority=\"high\" decoding=\"async\" width=\"680\" height=\"453\" src=\"https:\/\/centromariapolis.com\/eventos\/wp-content\/uploads\/2023\/02\/2021-10-27.jpg\" alt=\"\" class=\"wp-image-22\" srcset=\"https:\/\/centromariapolis.com\/eventos\/wp-content\/uploads\/2023\/02\/2021-10-27.jpg 680w, https:\/\/centromariapolis.com\/eventos\/wp-content\/uploads\/2023\/02\/2021-10-27-300x200.jpg 300w, https:\/\/centromariapolis.com\/eventos\/wp-content\/uploads\/2023\/02\/2021-10-27-360x240.jpg 360w, https:\/\/centromariapolis.com\/eventos\/wp-content\/uploads\/2023\/02\/2021-10-27-600x400.jpg 600w\" sizes=\"(max-width: 680px) 100vw, 680px\" \/><\/figure>\n\n\n\n<p><\/p>\n\n\n\n<p>O Centro Mari\u00e1polis Maria M\u00e3e da Luz \u00e9 um centro de eventos e tamb\u00e9m um local de forma\u00e7\u00e3o e conviv\u00eancia na cultura da unidade, carisma que fez nascer em 1943, na It\u00e1lia, o Movimento dos Focolares.<\/p>\n\n\n\n<p>Sua fundadora, Chiara Lubich, colocando em pr\u00e1tica a fraternidade universal, o respeito com o diferente e a import\u00e2ncia de estabelecer relacionamentos verdadeiros, baseados no amor e na caridade, sonhava com cidades modelo espalhadas em todo o mundo, acolhendo pessoas que, assim como ela e um pequeno grupo de amigas, quisessem experimentar os frutos dessa experi\u00eancia. Assim nasceu a Mari\u00e1polis Maria M\u00e3e da Luz.<\/p>\n\n\n\n<p>Desde a doa\u00e7\u00e3o pela Arquidiocese de Bras\u00edlia, nos esfor\u00e7amos na cria\u00e7\u00e3o de um centro de eventos para promover o encontro de pessoas que, at\u00e9 hoje, buscam estreitar o relacionamento entre s\u00ed e com a comunidade local, participando de forma\u00e7\u00f5es sobre diversos temas da atualidade, dividindo hist\u00f3rias de supera\u00e7\u00e3o e construindo uma nova realidade, fundamentada no amor rec\u00edproco, na paz, na fraternidade, no respeito e na valoriza\u00e7\u00e3o das diferen\u00e7as.<\/p>\n\n\n\n<figure class=\"wp-block-image size-full\"><img decoding=\"async\" src=\"https:\/\/centromariapolis.com\/eventos\/wp-content\/uploads\/2023\/02\/2022-08-22-1.jpg\" alt=\"\" class=\"wp-image-24\"\/><\/figure>\n\n\n\n<p>Com um olhar sempre atento \u00e0s necessidades daqueles que passam por aqui, nosso objetivo \u00e9 inspirar pessoas em todo o mundo para viver da mesma forma, atrav\u00e9s da promo\u00e7\u00e3o de encontros e eventos que buscam transformar a sociedade em que vivemos.<\/p>\n\n\n\n<p>\u00c9 grande a alegria podermos dispor de nosso Centro Mari\u00e1polis, pensado por Chiara, onde podemos oferecer a tantos que ali utilizarem o genu\u00edno esp\u00edrito da unidade.<\/p>\n","protected":false},"excerpt":{"rendered":"<p>\u201cOs Centro Mari\u00e1polis s\u00e3o cidades casa, onde Maria, atrav\u00e9s dos membros de sua Obra, oferece \u00e0quele que ali habitarem o genu\u00edno esp\u00edrito da unidade\u201d Chiara, Di\u00e1rio 1964\/65. O Centro Mari\u00e1polis Maria M\u00e3e da Luz \u00e9 um centro de eventos e tamb\u00e9m um local de forma\u00e7\u00e3o e conviv\u00eancia na cultura da [&hellip;]<\/p>\n","protected":false},"author":1,"featured_media":0,"parent":0,"menu_order":0,"comment_status":"closed","ping_status":"open","template":"","meta":{"footnotes":""},"class_list":["post-20","page","type-page","status-publish","hentry"],"yoast_head":"<!-- This site is optimized with the Yoast SEO plugin v27.2 - https:\/\/yoast.com\/product\/yoast-seo-wordpress\/ -->\n<title>Quem Somos - Centro de Eventos Mari\u00e1polis<\/title>\n<meta name=\"description\" content=\"Centro de eventos em Brazl\u00e2ndia, Ampla \u00e1rea verde no Cerrado. Retiro espiritual, Encontros, Eventos, Treinamentos, Conviv\u00eancia, Forma\u00e7\u00e3o.\" \/>\n<meta name=\"robots\" content=\"index, follow, max-snippet:-1, max-image-preview:large, max-video-preview:-1\" \/>\n<link rel=\"canonical\" href=\"https:\/\/centromariapolis.com\/eventos\/quem-somos\/\" \/>\n<meta property=\"og:locale\" content=\"pt_BR\" \/>\n<meta property=\"og:type\" content=\"article\" \/>\n<meta property=\"og:title\" content=\"Quem Somos - Centro de Eventos Mari\u00e1polis\" \/>\n<meta property=\"og:description\" content=\"Centro de eventos em Brazl\u00e2ndia, Ampla \u00e1rea verde no Cerrado. Retiro espiritual, Encontros, Eventos, Treinamentos, Conviv\u00eancia, Forma\u00e7\u00e3o.\" \/>\n<meta property=\"og:url\" content=\"https:\/\/centromariapolis.com\/eventos\/quem-somos\/\" \/>\n<meta property=\"og:site_name\" content=\"Centro de Eventos Mari\u00e1polis\" \/>\n<meta property=\"article:modified_time\" content=\"2023-02-23T02:06:53+00:00\" \/>\n<meta property=\"og:image\" content=\"https:\/\/centromariapolis.com\/eventos\/wp-content\/uploads\/2023\/02\/2021-10-27.jpg\" \/>\n<meta name=\"twitter:card\" content=\"summary_large_image\" \/>\n<meta name=\"twitter:label1\" content=\"Est. tempo de leitura\" \/>\n\t<meta name=\"twitter:data1\" content=\"2 minutos\" \/>\n<script type=\"application\/ld+json\" class=\"yoast-schema-graph\">{\"@context\":\"https:\/\/schema.org\",\"@graph\":[{\"@type\":\"WebPage\",\"@id\":\"https:\/\/centromariapolis.com\/eventos\/quem-somos\/\",\"url\":\"https:\/\/centromariapolis.com\/eventos\/quem-somos\/\",\"name\":\"Quem Somos - Centro de Eventos Mari\u00e1polis\",\"isPartOf\":{\"@id\":\"https:\/\/centromariapolis.com\/eventos\/#website\"},\"primaryImageOfPage\":{\"@id\":\"https:\/\/centromariapolis.com\/eventos\/quem-somos\/#primaryimage\"},\"image\":{\"@id\":\"https:\/\/centromariapolis.com\/eventos\/quem-somos\/#primaryimage\"},\"thumbnailUrl\":\"https:\/\/centromariapolis.com\/eventos\/wp-content\/uploads\/2023\/02\/2021-10-27.jpg\",\"datePublished\":\"2023-02-22T23:07:45+00:00\",\"dateModified\":\"2023-02-23T02:06:53+00:00\",\"description\":\"Centro de eventos em Brazl\u00e2ndia, Ampla \u00e1rea verde no Cerrado. Retiro espiritual, Encontros, Eventos, Treinamentos, Conviv\u00eancia, Forma\u00e7\u00e3o.\",\"breadcrumb\":{\"@id\":\"https:\/\/centromariapolis.com\/eventos\/quem-somos\/#breadcrumb\"},\"inLanguage\":\"pt-BR\",\"potentialAction\":[{\"@type\":\"ReadAction\",\"target\":[\"https:\/\/centromariapolis.com\/eventos\/quem-somos\/\"]}]},{\"@type\":\"ImageObject\",\"inLanguage\":\"pt-BR\",\"@id\":\"https:\/\/centromariapolis.com\/eventos\/quem-somos\/#primaryimage\",\"url\":\"https:\/\/centromariapolis.com\/eventos\/wp-content\/uploads\/2023\/02\/2021-10-27.jpg\",\"contentUrl\":\"https:\/\/centromariapolis.com\/eventos\/wp-content\/uploads\/2023\/02\/2021-10-27.jpg\",\"width\":680,\"height\":453},{\"@type\":\"BreadcrumbList\",\"@id\":\"https:\/\/centromariapolis.com\/eventos\/quem-somos\/#breadcrumb\",\"itemListElement\":[{\"@type\":\"ListItem\",\"position\":1,\"name\":\"Home\",\"item\":\"https:\/\/centromariapolis.com\/eventos\/\"},{\"@type\":\"ListItem\",\"position\":2,\"name\":\"Quem Somos\"}]},{\"@type\":\"WebSite\",\"@id\":\"https:\/\/centromariapolis.com\/eventos\/#website\",\"url\":\"https:\/\/centromariapolis.com\/eventos\/\",\"name\":\"Centro de Eventos Mari\u00e1polis\",\"description\":\"Centro de Eventos\",\"publisher\":{\"@id\":\"https:\/\/centromariapolis.com\/eventos\/#organization\"},\"potentialAction\":[{\"@type\":\"SearchAction\",\"target\":{\"@type\":\"EntryPoint\",\"urlTemplate\":\"https:\/\/centromariapolis.com\/eventos\/?s={search_term_string}\"},\"query-input\":{\"@type\":\"PropertyValueSpecification\",\"valueRequired\":true,\"valueName\":\"search_term_string\"}}],\"inLanguage\":\"pt-BR\"},{\"@type\":\"Organization\",\"@id\":\"https:\/\/centromariapolis.com\/eventos\/#organization\",\"name\":\"Centro de Eventos Mari\u00e1polis\",\"url\":\"https:\/\/centromariapolis.com\/eventos\/\",\"logo\":{\"@type\":\"ImageObject\",\"inLanguage\":\"pt-BR\",\"@id\":\"https:\/\/centromariapolis.com\/eventos\/#\/schema\/logo\/image\/\",\"url\":\"https:\/\/centromariapolis.com\/eventos\/wp-content\/uploads\/2023\/02\/cropped-focolare_portoghese_RGB.png\",\"contentUrl\":\"https:\/\/centromariapolis.com\/eventos\/wp-content\/uploads\/2023\/02\/cropped-focolare_portoghese_RGB.png\",\"width\":1023,\"height\":682,\"caption\":\"Centro de Eventos Mari\u00e1polis\"},\"image\":{\"@id\":\"https:\/\/centromariapolis.com\/eventos\/#\/schema\/logo\/image\/\"}}]}<\/script>\n<!-- \/ Yoast SEO plugin. -->","yoast_head_json":{"title":"Quem Somos - Centro de Eventos Mari\u00e1polis","description":"Centro de eventos em Brazl\u00e2ndia, Ampla \u00e1rea verde no Cerrado. Retiro espiritual, Encontros, Eventos, Treinamentos, Conviv\u00eancia, Forma\u00e7\u00e3o.","robots":{"index":"index","follow":"follow","max-snippet":"max-snippet:-1","max-image-preview":"max-image-preview:large","max-video-preview":"max-video-preview:-1"},"canonical":"https:\/\/centromariapolis.com\/eventos\/quem-somos\/","og_locale":"pt_BR","og_type":"article","og_title":"Quem Somos - Centro de Eventos Mari\u00e1polis","og_description":"Centro de eventos em Brazl\u00e2ndia, Ampla \u00e1rea verde no Cerrado. Retiro espiritual, Encontros, Eventos, Treinamentos, Conviv\u00eancia, Forma\u00e7\u00e3o.","og_url":"https:\/\/centromariapolis.com\/eventos\/quem-somos\/","og_site_name":"Centro de Eventos Mari\u00e1polis","article_modified_time":"2023-02-23T02:06:53+00:00","og_image":[{"url":"https:\/\/centromariapolis.com\/eventos\/wp-content\/uploads\/2023\/02\/2021-10-27.jpg","type":"","width":"","height":""}],"twitter_card":"summary_large_image","twitter_misc":{"Est. tempo de leitura":"2 minutos"},"schema":{"@context":"https:\/\/schema.org","@graph":[{"@type":"WebPage","@id":"https:\/\/centromariapolis.com\/eventos\/quem-somos\/","url":"https:\/\/centromariapolis.com\/eventos\/quem-somos\/","name":"Quem Somos - Centro de Eventos Mari\u00e1polis","isPartOf":{"@id":"https:\/\/centromariapolis.com\/eventos\/#website"},"primaryImageOfPage":{"@id":"https:\/\/centromariapolis.com\/eventos\/quem-somos\/#primaryimage"},"image":{"@id":"https:\/\/centromariapolis.com\/eventos\/quem-somos\/#primaryimage"},"thumbnailUrl":"https:\/\/centromariapolis.com\/eventos\/wp-content\/uploads\/2023\/02\/2021-10-27.jpg","datePublished":"2023-02-22T23:07:45+00:00","dateModified":"2023-02-23T02:06:53+00:00","description":"Centro de eventos em Brazl\u00e2ndia, Ampla \u00e1rea verde no Cerrado. Retiro espiritual, Encontros, Eventos, Treinamentos, Conviv\u00eancia, Forma\u00e7\u00e3o.","breadcrumb":{"@id":"https:\/\/centromariapolis.com\/eventos\/quem-somos\/#breadcrumb"},"inLanguage":"pt-BR","potentialAction":[{"@type":"ReadAction","target":["https:\/\/centromariapolis.com\/eventos\/quem-somos\/"]}]},{"@type":"ImageObject","inLanguage":"pt-BR","@id":"https:\/\/centromariapolis.com\/eventos\/quem-somos\/#primaryimage","url":"https:\/\/centromariapolis.com\/eventos\/wp-content\/uploads\/2023\/02\/2021-10-27.jpg","contentUrl":"https:\/\/centromariapolis.com\/eventos\/wp-content\/uploads\/2023\/02\/2021-10-27.jpg","width":680,"height":453},{"@type":"BreadcrumbList","@id":"https:\/\/centromariapolis.com\/eventos\/quem-somos\/#breadcrumb","itemListElement":[{"@type":"ListItem","position":1,"name":"Home","item":"https:\/\/centromariapolis.com\/eventos\/"},{"@type":"ListItem","position":2,"name":"Quem Somos"}]},{"@type":"WebSite","@id":"https:\/\/centromariapolis.com\/eventos\/#website","url":"https:\/\/centromariapolis.com\/eventos\/","name":"Centro de Eventos Mari\u00e1polis","description":"Centro de Eventos","publisher":{"@id":"https:\/\/centromariapolis.com\/eventos\/#organization"},"potentialAction":[{"@type":"SearchAction","target":{"@type":"EntryPoint","urlTemplate":"https:\/\/centromariapolis.com\/eventos\/?s={search_term_string}"},"query-input":{"@type":"PropertyValueSpecification","valueRequired":true,"valueName":"search_term_string"}}],"inLanguage":"pt-BR"},{"@type":"Organization","@id":"https:\/\/centromariapolis.com\/eventos\/#organization","name":"Centro de Eventos Mari\u00e1polis","url":"https:\/\/centromariapolis.com\/eventos\/","logo":{"@type":"ImageObject","inLanguage":"pt-BR","@id":"https:\/\/centromariapolis.com\/eventos\/#\/schema\/logo\/image\/","url":"https:\/\/centromariapolis.com\/eventos\/wp-content\/uploads\/2023\/02\/cropped-focolare_portoghese_RGB.png","contentUrl":"https:\/\/centromariapolis.com\/eventos\/wp-content\/uploads\/2023\/02\/cropped-focolare_portoghese_RGB.png","width":1023,"height":682,"caption":"Centro de Eventos Mari\u00e1polis"},"image":{"@id":"https:\/\/centromariapolis.com\/eventos\/#\/schema\/logo\/image\/"}}]}},"_links":{"self":[{"href":"https:\/\/centromariapolis.com\/eventos\/wp-json\/wp\/v2\/pages\/20","targetHints":{"allow":["GET"]}}],"collection":[{"href":"https:\/\/centromariapolis.com\/eventos\/wp-json\/wp\/v2\/pages"}],"about":[{"href":"https:\/\/centromariapolis.com\/eventos\/wp-json\/wp\/v2\/types\/page"}],"author":[{"embeddable":true,"href":"https:\/\/centromariapolis.com\/eventos\/wp-json\/wp\/v2\/users\/1"}],"replies":[{"embeddable":true,"href":"https:\/\/centromariapolis.com\/eventos\/wp-json\/wp\/v2\/comments?post=20"}],"version-history":[{"count":2,"href":"https:\/\/centromariapolis.com\/eventos\/wp-json\/wp\/v2\/pages\/20\/revisions"}],"predecessor-version":[{"id":25,"href":"https:\/\/centromariapolis.com\/eventos\/wp-json\/wp\/v2\/pages\/20\/revisions\/25"}],"wp:attachment":[{"href":"https:\/\/centromariapolis.com\/eventos\/wp-json\/wp\/v2\/media?parent=20"}],"curies":[{"name":"wp","href":"https:\/\/api.w.org\/{rel}","templated":true}]}}